{"id":91,"date":"2018-10-29T16:18:01","date_gmt":"2018-10-29T15:18:01","guid":{"rendered":"https:\/\/master-7rqtwti-4xkdstckqzels.fr-1.platformsh.site\/?page_id=91"},"modified":"2018-12-11T15:01:33","modified_gmt":"2018-12-11T14:01:33","slug":"nos-produits","status":"publish","type":"page","link":"https:\/\/www.spcv.fr\/en\/nos-produits\/","title":{"rendered":"Nos produits"},"content":{"rendered":"<h3 style=\"text-align: center;\"><span style=\"color: #008080;\"><strong>T\u00e9tines en caoutchouc naturel SPCV : <\/strong><\/span><\/h3>\n<p>Toutes les t\u00e9tines que nous fabriquons sont issues de caoutchouc sec provenant de plantations d&rsquo;h\u00e9v\u00e9a rigoureusement s\u00e9lectionn\u00e9es. Le choix du caoutchouc sec, d&rsquo;un process de fabrication ma\u00eetris\u00e9 et d&rsquo;une formule optimis\u00e9e, permettent d&rsquo;obtenir des t\u00e9tines en caoutchouc d&rsquo;une exceptionnelle qualit\u00e9 chimique :<\/p>\n<ul>\n<li>Very low total chemical migration<\/li>\n<li>Absence of nitrosamines and nitrosable substances<\/li>\n<li>Total absence of allergic reaction<\/li>\n<\/ul>\n<p>De plus, ces t\u00e9tines r\u00e9pondent bien \u00e9videmment aux exigences des r\u00e9glementations en vigueurs ainsi qu&rsquo;\u00e0 la norme EN NF 14350 1 et 2<\/p>\n<h3 style=\"text-align: center;\"><span style=\"color: #008080;\"><strong>T\u00e9tines en silicone SPCV :<\/strong><\/span><\/h3>\n<p>Les t\u00e9tines en silicone SPCV, par la s\u00e9lection de la mati\u00e8re premi\u00e8re et la ma\u00eetrise du process de fabrication, pr\u00e9sentent \u00e9galement d&rsquo;excellentes qualit\u00e9s chimiques. Ces t\u00e9tine r\u00e9pondent \u00e9galement\u00a0aux exigences des r\u00e9glementations en vigueur ainsi qu&rsquo;\u00e0 la norme EN NF 14350 1 et 2.<\/p>","protected":false},"excerpt":{"rendered":"<p>T\u00e9tines en caoutchouc naturel SPCV : Toutes les t\u00e9tines que nous fabriquons sont issues de caoutchouc sec provenant de plantations d&rsquo;h\u00e9v\u00e9a rigoureusement s\u00e9lectionn\u00e9es. Le choix du caoutchouc sec, d&rsquo;un process de fabrication ma\u00eetris\u00e9 et d&rsquo;une formule optimis\u00e9e, permettent d&rsquo;obtenir des t\u00e9tines en caoutchouc d&rsquo;une exceptionnelle qualit\u00e9 chimique : Migration chimique totale tr\u00e8s faible Absence de [&hellip;]<\/p>\n","protected":false},"author":4,"featured_media":200,"parent":0,"menu_order":0,"comment_status":"closed","ping_status":"closed","template":"","meta":{"footnotes":""},"class_list":["post-91","page","type-page","status-publish","has-post-thumbnail","hentry"],"blocksy_meta":{"styles_descriptor":{"styles":{"desktop":"","tablet":"","mobile":""},"google_fonts":[],"version":6}},"yoast_head":"<!-- This site is optimized with the Yoast SEO plugin v27.1.1 - https:\/\/yoast.com\/product\/yoast-seo-wordpress\/ -->\n<title>Nos produits | SPCV<\/title>\n<meta name=\"robots\" content=\"index, follow, max-snippet:-1, max-image-preview:large, max-video-preview:-1\" \/>\n<link rel=\"canonical\" href=\"https:\/\/www.spcv.fr\/en\/nos-produits\/\" \/>\n<meta property=\"og:locale\" content=\"en_GB\" \/>\n<meta property=\"og:type\" content=\"article\" \/>\n<meta property=\"og:title\" content=\"Nos produits | SPCV\" \/>\n<meta property=\"og:description\" content=\"T\u00e9tines en caoutchouc naturel SPCV : Toutes les t\u00e9tines que nous fabriquons sont issues de caoutchouc sec provenant de plantations d&rsquo;h\u00e9v\u00e9a rigoureusement s\u00e9lectionn\u00e9es. Le choix du caoutchouc sec, d&rsquo;un process de fabrication ma\u00eetris\u00e9 et d&rsquo;une formule optimis\u00e9e, permettent d&rsquo;obtenir des t\u00e9tines en caoutchouc d&rsquo;une exceptionnelle qualit\u00e9 chimique : Migration chimique totale tr\u00e8s faible Absence de [&hellip;]\" \/>\n<meta property=\"og:url\" content=\"https:\/\/www.spcv.fr\/en\/nos-produits\/\" \/>\n<meta property=\"og:site_name\" content=\"SPCV\" \/>\n<meta property=\"article:modified_time\" content=\"2018-12-11T14:01:33+00:00\" \/>\n<meta property=\"og:image\" content=\"https:\/\/www.spcv.fr\/wp-content\/uploads\/2018\/10\/IMGP0936-e1540998026637.jpg\" \/>\n\t<meta property=\"og:image:width\" content=\"4212\" \/>\n\t<meta property=\"og:image:height\" content=\"2326\" \/>\n\t<meta property=\"og:image:type\" content=\"image\/jpeg\" \/>\n<meta name=\"twitter:card\" content=\"summary_large_image\" \/>\n<meta name=\"twitter:label1\" content=\"Est. reading time\" \/>\n\t<meta name=\"twitter:data1\" content=\"1 minute\" \/>\n<script type=\"application\/ld+json\" class=\"yoast-schema-graph\">{\"@context\":\"https:\/\/schema.org\",\"@graph\":[{\"@type\":\"WebPage\",\"@id\":\"https:\/\/www.spcv.fr\/fr\/nos-produits\/\",\"url\":\"https:\/\/www.spcv.fr\/fr\/nos-produits\/\",\"name\":\"Nos produits | SPCV\",\"isPartOf\":{\"@id\":\"https:\/\/www.spcv.fr\/fr\/#website\"},\"primaryImageOfPage\":{\"@id\":\"https:\/\/www.spcv.fr\/fr\/nos-produits\/#primaryimage\"},\"image\":{\"@id\":\"https:\/\/www.spcv.fr\/fr\/nos-produits\/#primaryimage\"},\"thumbnailUrl\":\"https:\/\/www.spcv.fr\/wp-content\/uploads\/2018\/10\/IMGP0936-e1540998026637.jpg\",\"datePublished\":\"2018-10-29T15:18:01+00:00\",\"dateModified\":\"2018-12-11T14:01:33+00:00\",\"breadcrumb\":{\"@id\":\"https:\/\/www.spcv.fr\/fr\/nos-produits\/#breadcrumb\"},\"inLanguage\":\"en-GB\",\"potentialAction\":[{\"@type\":\"ReadAction\",\"target\":[\"https:\/\/www.spcv.fr\/fr\/nos-produits\/\"]}]},{\"@type\":\"ImageObject\",\"inLanguage\":\"en-GB\",\"@id\":\"https:\/\/www.spcv.fr\/fr\/nos-produits\/#primaryimage\",\"url\":\"https:\/\/www.spcv.fr\/wp-content\/uploads\/2018\/10\/IMGP0936-e1540998026637.jpg\",\"contentUrl\":\"https:\/\/www.spcv.fr\/wp-content\/uploads\/2018\/10\/IMGP0936-e1540998026637.jpg\",\"width\":4212,\"height\":2326,\"caption\":\"TETINES SILICONES BORFLEX SPCV\"},{\"@type\":\"BreadcrumbList\",\"@id\":\"https:\/\/www.spcv.fr\/fr\/nos-produits\/#breadcrumb\",\"itemListElement\":[{\"@type\":\"ListItem\",\"position\":1,\"name\":\"Accueil\",\"item\":\"https:\/\/www.spcv.fr\/\"},{\"@type\":\"ListItem\",\"position\":2,\"name\":\"Nos produits\"}]},{\"@type\":\"WebSite\",\"@id\":\"https:\/\/www.spcv.fr\/fr\/#website\",\"url\":\"https:\/\/www.spcv.fr\/fr\/\",\"name\":\"SPCV\",\"description\":\"La grande souplesse d&#039;adaptation\",\"publisher\":{\"@id\":\"https:\/\/www.spcv.fr\/fr\/#organization\"},\"potentialAction\":[{\"@type\":\"SearchAction\",\"target\":{\"@type\":\"EntryPoint\",\"urlTemplate\":\"https:\/\/www.spcv.fr\/fr\/?s={search_term_string}\"},\"query-input\":{\"@type\":\"PropertyValueSpecification\",\"valueRequired\":true,\"valueName\":\"search_term_string\"}}],\"inLanguage\":\"en-GB\"},{\"@type\":\"Organization\",\"@id\":\"https:\/\/www.spcv.fr\/fr\/#organization\",\"name\":\"SPCV\",\"url\":\"https:\/\/www.spcv.fr\/fr\/\",\"logo\":{\"@type\":\"ImageObject\",\"inLanguage\":\"en-GB\",\"@id\":\"https:\/\/www.spcv.fr\/fr\/#\/schema\/logo\/image\/\",\"url\":\"https:\/\/www.spcv.fr\/wp-content\/uploads\/2021\/10\/Logo-BORFLEX-SPCV-quadri-scaled.jpg\",\"contentUrl\":\"https:\/\/www.spcv.fr\/wp-content\/uploads\/2021\/10\/Logo-BORFLEX-SPCV-quadri-scaled.jpg\",\"width\":2560,\"height\":1440,\"caption\":\"SPCV\"},\"image\":{\"@id\":\"https:\/\/www.spcv.fr\/fr\/#\/schema\/logo\/image\/\"}}]}<\/script>\n<!-- \/ Yoast SEO plugin. -->","yoast_head_json":{"title":"Nos produits | SPCV","robots":{"index":"index","follow":"follow","max-snippet":"max-snippet:-1","max-image-preview":"max-image-preview:large","max-video-preview":"max-video-preview:-1"},"canonical":"https:\/\/www.spcv.fr\/en\/nos-produits\/","og_locale":"en_GB","og_type":"article","og_title":"Nos produits | SPCV","og_description":"T\u00e9tines en caoutchouc naturel SPCV : Toutes les t\u00e9tines que nous fabriquons sont issues de caoutchouc sec provenant de plantations d&rsquo;h\u00e9v\u00e9a rigoureusement s\u00e9lectionn\u00e9es. Le choix du caoutchouc sec, d&rsquo;un process de fabrication ma\u00eetris\u00e9 et d&rsquo;une formule optimis\u00e9e, permettent d&rsquo;obtenir des t\u00e9tines en caoutchouc d&rsquo;une exceptionnelle qualit\u00e9 chimique : Migration chimique totale tr\u00e8s faible Absence de [&hellip;]","og_url":"https:\/\/www.spcv.fr\/en\/nos-produits\/","og_site_name":"SPCV","article_modified_time":"2018-12-11T14:01:33+00:00","og_image":[{"width":4212,"height":2326,"url":"https:\/\/www.spcv.fr\/wp-content\/uploads\/2018\/10\/IMGP0936-e1540998026637.jpg","type":"image\/jpeg"}],"twitter_card":"summary_large_image","twitter_misc":{"Est. reading time":"1 minute"},"schema":{"@context":"https:\/\/schema.org","@graph":[{"@type":"WebPage","@id":"https:\/\/www.spcv.fr\/fr\/nos-produits\/","url":"https:\/\/www.spcv.fr\/fr\/nos-produits\/","name":"Nos produits | SPCV","isPartOf":{"@id":"https:\/\/www.spcv.fr\/fr\/#website"},"primaryImageOfPage":{"@id":"https:\/\/www.spcv.fr\/fr\/nos-produits\/#primaryimage"},"image":{"@id":"https:\/\/www.spcv.fr\/fr\/nos-produits\/#primaryimage"},"thumbnailUrl":"https:\/\/www.spcv.fr\/wp-content\/uploads\/2018\/10\/IMGP0936-e1540998026637.jpg","datePublished":"2018-10-29T15:18:01+00:00","dateModified":"2018-12-11T14:01:33+00:00","breadcrumb":{"@id":"https:\/\/www.spcv.fr\/fr\/nos-produits\/#breadcrumb"},"inLanguage":"en-GB","potentialAction":[{"@type":"ReadAction","target":["https:\/\/www.spcv.fr\/fr\/nos-produits\/"]}]},{"@type":"ImageObject","inLanguage":"en-GB","@id":"https:\/\/www.spcv.fr\/fr\/nos-produits\/#primaryimage","url":"https:\/\/www.spcv.fr\/wp-content\/uploads\/2018\/10\/IMGP0936-e1540998026637.jpg","contentUrl":"https:\/\/www.spcv.fr\/wp-content\/uploads\/2018\/10\/IMGP0936-e1540998026637.jpg","width":4212,"height":2326,"caption":"TETINES SILICONES BORFLEX SPCV"},{"@type":"BreadcrumbList","@id":"https:\/\/www.spcv.fr\/fr\/nos-produits\/#breadcrumb","itemListElement":[{"@type":"ListItem","position":1,"name":"Accueil","item":"https:\/\/www.spcv.fr\/"},{"@type":"ListItem","position":2,"name":"Nos produits"}]},{"@type":"WebSite","@id":"https:\/\/www.spcv.fr\/fr\/#website","url":"https:\/\/www.spcv.fr\/fr\/","name":"SPCV","description":"La grande souplesse d&#039;adaptation","publisher":{"@id":"https:\/\/www.spcv.fr\/fr\/#organization"},"potentialAction":[{"@type":"SearchAction","target":{"@type":"EntryPoint","urlTemplate":"https:\/\/www.spcv.fr\/fr\/?s={search_term_string}"},"query-input":{"@type":"PropertyValueSpecification","valueRequired":true,"valueName":"search_term_string"}}],"inLanguage":"en-GB"},{"@type":"Organization","@id":"https:\/\/www.spcv.fr\/fr\/#organization","name":"SPCV","url":"https:\/\/www.spcv.fr\/fr\/","logo":{"@type":"ImageObject","inLanguage":"en-GB","@id":"https:\/\/www.spcv.fr\/fr\/#\/schema\/logo\/image\/","url":"https:\/\/www.spcv.fr\/wp-content\/uploads\/2021\/10\/Logo-BORFLEX-SPCV-quadri-scaled.jpg","contentUrl":"https:\/\/www.spcv.fr\/wp-content\/uploads\/2021\/10\/Logo-BORFLEX-SPCV-quadri-scaled.jpg","width":2560,"height":1440,"caption":"SPCV"},"image":{"@id":"https:\/\/www.spcv.fr\/fr\/#\/schema\/logo\/image\/"}}]}},"_links":{"self":[{"href":"https:\/\/www.spcv.fr\/en\/wp-json\/wp\/v2\/pages\/91","targetHints":{"allow":["GET"]}}],"collection":[{"href":"https:\/\/www.spcv.fr\/en\/wp-json\/wp\/v2\/pages"}],"about":[{"href":"https:\/\/www.spcv.fr\/en\/wp-json\/wp\/v2\/types\/page"}],"author":[{"embeddable":true,"href":"https:\/\/www.spcv.fr\/en\/wp-json\/wp\/v2\/users\/4"}],"replies":[{"embeddable":true,"href":"https:\/\/www.spcv.fr\/en\/wp-json\/wp\/v2\/comments?post=91"}],"version-history":[{"count":4,"href":"https:\/\/www.spcv.fr\/en\/wp-json\/wp\/v2\/pages\/91\/revisions"}],"predecessor-version":[{"id":275,"href":"https:\/\/www.spcv.fr\/en\/wp-json\/wp\/v2\/pages\/91\/revisions\/275"}],"wp:featuredmedia":[{"embeddable":true,"href":"https:\/\/www.spcv.fr\/en\/wp-json\/wp\/v2\/media\/200"}],"wp:attachment":[{"href":"https:\/\/www.spcv.fr\/en\/wp-json\/wp\/v2\/media?parent=91"}],"curies":[{"name":"wp","href":"https:\/\/api.w.org\/{rel}","templated":true}]}}