{"id":207,"date":"2018-11-14T09:09:37","date_gmt":"2018-11-14T08:09:37","guid":{"rendered":"https:\/\/master-7rqtwti-4xkdstckqzels.fr-1.platformsh.site\/?page_id=207"},"modified":"2022-01-05T09:52:07","modified_gmt":"2022-01-05T08:52:07","slug":"tetine-en-silicone","status":"publish","type":"page","link":"https:\/\/www.spcv.fr\/fr\/tetine-en-silicone\/","title":{"rendered":"T\u00e9tines en silicone"},"content":{"rendered":"\t\t<div data-elementor-type=\"wp-page\" data-elementor-id=\"207\" class=\"elementor elementor-207\">\n\t\t\t\t\t\t<section class=\"elementor-section elementor-top-section elementor-element elementor-element-0fc3db3 elementor-section-height-min-height elementor-section-content-middle ct-section-stretched elementor-section-boxed elementor-section-height-default elementor-section-items-middle\" data-id=\"0fc3db3\" data-element_type=\"section\" data-e-type=\"section\" data-settings=\"{&quot;background_background&quot;:&quot;classic&quot;,&quot;shape_divider_bottom&quot;:&quot;waves&quot;}\">\n\t\t\t\t\t\t\t<div class=\"elementor-background-overlay\"><\/div>\n\t\t\t\t\t\t<div class=\"elementor-shape elementor-shape-bottom\" aria-hidden=\"true\" data-negative=\"false\">\n\t\t\t<svg xmlns=\"http:\/\/www.w3.org\/2000\/svg\" viewBox=\"0 0 1000 100\" preserveAspectRatio=\"none\">\n\t<path class=\"elementor-shape-fill\" d=\"M421.9,6.5c22.6-2.5,51.5,0.4,75.5,5.3c23.6,4.9,70.9,23.5,100.5,35.7c75.8,32.2,133.7,44.5,192.6,49.7\n\tc23.6,2.1,48.7,3.5,103.4-2.5c54.7-6,106.2-25.6,106.2-25.6V0H0v30.3c0,0,72,32.6,158.4,30.5c39.2-0.7,92.8-6.7,134-22.4\n\tc21.2-8.1,52.2-18.2,79.7-24.2C399.3,7.9,411.6,7.5,421.9,6.5z\"\/>\n<\/svg>\t\t<\/div>\n\t\t\t\t\t<div class=\"elementor-container elementor-column-gap-default\">\n\t\t\t\t\t<div class=\"elementor-column elementor-col-33 elementor-top-column elementor-element elementor-element-0239a4a\" data-id=\"0239a4a\" data-element_type=\"column\" data-e-type=\"column\">\n\t\t\t<div class=\"elementor-widget-wrap elementor-element-populated\">\n\t\t\t\t\t\t<div class=\"elementor-element elementor-element-0a5fc20 elementor-widget elementor-widget-heading\" data-id=\"0a5fc20\" data-element_type=\"widget\" data-e-type=\"widget\" data-widget_type=\"heading.default\">\n\t\t\t\t<div class=\"elementor-widget-container\">\n\t\t\t\t\t<h2 class=\"elementor-heading-title elementor-size-default\"><span style=\"color: #000000;font-family: Arial, sans-serif;text-align: start;font-size: 35px\">nos t\u00e9tines silicone<\/span><\/h2>\t\t\t\t<\/div>\n\t\t\t\t<\/div>\n\t\t\t\t<div class=\"elementor-element elementor-element-c90c378 elementor-widget elementor-widget-text-editor\" data-id=\"c90c378\" data-element_type=\"widget\" data-e-type=\"widget\" data-widget_type=\"text-editor.default\">\n\t\t\t\t<div class=\"elementor-widget-container\">\n\t\t\t\t\t\t\t\t\t<ul>\n<li>Nous fabriquons et proposons \u00e9galement diff\u00e9rents mod\u00e8les de t\u00e9tines en silicone de haute qualit\u00e9, bout rond, d\u00e9bits et per\u00e7ages diff\u00e9rents.<\/li>\n<li>Fabriqu\u00e9es avec moulage par injection<\/li>\n<li>Toutes nos t\u00e9tines silicone respectent la <strong>norme europ\u00e9enne EN 14350<\/strong> et r\u00e9pondent enti\u00e8rement aux exigences, sur la qualit\u00e9, la durabilit\u00e9 et la solidit\u00e9 du produit.<\/li>\n<li>Sans BPA &amp; sans BPS ni phtalates<\/li>\n<li>Nos t\u00e9tines subissent un contr\u00f4le drastique tout au long de la production.<\/li>\n<li><strong>Fabrication 100% fran\u00e7aise<\/strong><\/li>\n<\/ul>\t\t\t\t\t\t\t\t<\/div>\n\t\t\t\t<\/div>\n\t\t\t\t<div class=\"elementor-element elementor-element-4e58b91 elementor-mobile-align-justify elementor-invisible elementor-widget elementor-widget-button\" data-id=\"4e58b91\" data-element_type=\"widget\" data-e-type=\"widget\" data-settings=\"{&quot;_animation&quot;:&quot;fadeIn&quot;,&quot;_animation_delay&quot;:300}\" data-widget_type=\"button.default\">\n\t\t\t\t<div class=\"elementor-widget-container\">\n\t\t\t\t\t\t\t\t\t<div class=\"elementor-button-wrapper\">\n\t\t\t\t\t<a class=\"elementor-button elementor-button-link elementor-size-sm\" href=\"#\">\n\t\t\t\t\t\t<span class=\"elementor-button-content-wrapper\">\n\t\t\t\t\t\t<span class=\"elementor-button-icon\">\n\t\t\t\t\t\t\t<\/span>\n\t\t\t\t\t\t\t\t\t<span class=\"elementor-button-text\">Voir notre catalogue <\/span>\n\t\t\t\t\t<\/span>\n\t\t\t\t\t<\/a>\n\t\t\t\t<\/div>\n\t\t\t\t\t\t\t\t<\/div>\n\t\t\t\t<\/div>\n\t\t\t\t\t<\/div>\n\t\t<\/div>\n\t\t\t\t<div class=\"elementor-column elementor-col-33 elementor-top-column elementor-element elementor-element-a8dcea5\" data-id=\"a8dcea5\" data-element_type=\"column\" data-e-type=\"column\">\n\t\t\t<div class=\"elementor-widget-wrap elementor-element-populated\">\n\t\t\t\t\t\t<div class=\"elementor-element elementor-element-c8d3fc5 elementor-widget elementor-widget-image\" data-id=\"c8d3fc5\" data-element_type=\"widget\" data-e-type=\"widget\" data-widget_type=\"image.default\">\n\t\t\t\t<div class=\"elementor-widget-container\">\n\t\t\t\t\t\t\t\t\t\t\t\t\t\t\t<img fetchpriority=\"high\" decoding=\"async\" width=\"1024\" height=\"617\" src=\"https:\/\/www.spcv.fr\/wp-content\/uploads\/2018\/10\/IMGP0917-e1640074500357-1024x617.jpg\" class=\"attachment-large size-large wp-image-199\" alt=\"TETINES SILICONE BORFLEX SPCV\" srcset=\"https:\/\/www.spcv.fr\/wp-content\/uploads\/2018\/10\/IMGP0917-e1640074500357-1024x617.jpg 1024w, https:\/\/www.spcv.fr\/wp-content\/uploads\/2018\/10\/IMGP0917-e1640074500357-300x181.jpg 300w, https:\/\/www.spcv.fr\/wp-content\/uploads\/2018\/10\/IMGP0917-e1640074500357-768x463.jpg 768w, https:\/\/www.spcv.fr\/wp-content\/uploads\/2018\/10\/IMGP0917-e1640074500357-1536x925.jpg 1536w, https:\/\/www.spcv.fr\/wp-content\/uploads\/2018\/10\/IMGP0917-e1640074500357-18x12.jpg 18w, https:\/\/www.spcv.fr\/wp-content\/uploads\/2018\/10\/IMGP0917-e1640074500357-1920x1157.jpg 1920w, https:\/\/www.spcv.fr\/wp-content\/uploads\/2018\/10\/IMGP0917-e1640074500357-800x482.jpg 800w, https:\/\/www.spcv.fr\/wp-content\/uploads\/2018\/10\/IMGP0917-e1640074500357-512x308.jpg 512w, https:\/\/www.spcv.fr\/wp-content\/uploads\/2018\/10\/IMGP0917-e1640074500357-480x289.jpg 480w\" sizes=\"(max-width: 1024px) 100vw, 1024px\" \/>\t\t\t\t\t\t\t\t\t\t\t\t\t\t\t<\/div>\n\t\t\t\t<\/div>\n\t\t\t\t\t<\/div>\n\t\t<\/div>\n\t\t\t\t<div class=\"elementor-column elementor-col-33 elementor-top-column elementor-element elementor-element-fa1def3\" data-id=\"fa1def3\" data-element_type=\"column\" data-e-type=\"column\">\n\t\t\t<div class=\"elementor-widget-wrap elementor-element-populated\">\n\t\t\t\t\t\t<div class=\"elementor-element elementor-element-41d8eee elementor-widget elementor-widget-image\" data-id=\"41d8eee\" data-element_type=\"widget\" data-e-type=\"widget\" data-widget_type=\"image.default\">\n\t\t\t\t<div class=\"elementor-widget-container\">\n\t\t\t\t\t\t\t\t\t\t\t\t\t\t\t<img decoding=\"async\" width=\"768\" height=\"424\" src=\"https:\/\/www.spcv.fr\/wp-content\/uploads\/2018\/10\/IMGP0936-e1540998026637-768x424.jpg\" class=\"attachment-medium_large size-medium_large wp-image-200\" alt=\"\" srcset=\"https:\/\/www.spcv.fr\/wp-content\/uploads\/2018\/10\/IMGP0936-e1540998026637-768x424.jpg 768w, https:\/\/www.spcv.fr\/wp-content\/uploads\/2018\/10\/IMGP0936-e1540998026637-300x166.jpg 300w, https:\/\/www.spcv.fr\/wp-content\/uploads\/2018\/10\/IMGP0936-e1540998026637-1024x565.jpg 1024w\" sizes=\"(max-width: 768px) 100vw, 768px\" \/>\t\t\t\t\t\t\t\t\t\t\t\t\t\t\t<\/div>\n\t\t\t\t<\/div>\n\t\t\t\t\t<\/div>\n\t\t<\/div>\n\t\t\t\t\t<\/div>\n\t\t<\/section>\n\t\t\t\t<\/div>\n\t\t","protected":false},"excerpt":{"rendered":"<p>nos t\u00e9tines silicone Nous fabriquons et proposons \u00e9galement diff\u00e9rents mod\u00e8les de t\u00e9tines en silicone de haute qualit\u00e9, bout rond, d\u00e9bits et per\u00e7ages diff\u00e9rents. Fabriqu\u00e9es avec moulage par injection Toutes nos t\u00e9tines silicone respectent la norme europ\u00e9enne EN 14350 et r\u00e9pondent enti\u00e8rement aux exigences, sur la qualit\u00e9, la durabilit\u00e9 et la solidit\u00e9 du produit. Sans BPA [&hellip;]<\/p>\n","protected":false},"author":4,"featured_media":0,"parent":0,"menu_order":0,"comment_status":"closed","ping_status":"closed","template":"","meta":{"footnotes":""},"class_list":["post-207","page","type-page","status-publish","hentry"],"blocksy_meta":{"styles_descriptor":{"styles":{"desktop":"","tablet":"","mobile":""},"google_fonts":[],"version":6}},"yoast_head":"<!-- This site is optimized with the Yoast SEO plugin v27.1.1 - https:\/\/yoast.com\/product\/yoast-seo-wordpress\/ -->\n<title>T\u00e9tines en silicone | SPCV<\/title>\n<meta name=\"robots\" content=\"index, follow, max-snippet:-1, max-image-preview:large, max-video-preview:-1\" \/>\n<link rel=\"canonical\" href=\"https:\/\/www.spcv.fr\/fr\/tetine-en-silicone\/\" \/>\n<meta property=\"og:locale\" content=\"fr_FR\" \/>\n<meta property=\"og:type\" content=\"article\" \/>\n<meta property=\"og:title\" content=\"T\u00e9tines en silicone | SPCV\" \/>\n<meta property=\"og:description\" content=\"nos t\u00e9tines silicone Nous fabriquons et proposons \u00e9galement diff\u00e9rents mod\u00e8les de t\u00e9tines en silicone de haute qualit\u00e9, bout rond, d\u00e9bits et per\u00e7ages diff\u00e9rents. Fabriqu\u00e9es avec moulage par injection Toutes nos t\u00e9tines silicone respectent la norme europ\u00e9enne EN 14350 et r\u00e9pondent enti\u00e8rement aux exigences, sur la qualit\u00e9, la durabilit\u00e9 et la solidit\u00e9 du produit. Sans BPA [&hellip;]\" \/>\n<meta property=\"og:url\" content=\"https:\/\/www.spcv.fr\/fr\/tetine-en-silicone\/\" \/>\n<meta property=\"og:site_name\" content=\"SPCV\" \/>\n<meta property=\"article:modified_time\" content=\"2022-01-05T08:52:07+00:00\" \/>\n<meta property=\"og:image\" content=\"https:\/\/www.spcv.fr\/wp-content\/uploads\/2018\/10\/IMGP0917-e1640074500357-1024x617.jpg\" \/>\n<meta name=\"twitter:card\" content=\"summary_large_image\" \/>\n<script type=\"application\/ld+json\" class=\"yoast-schema-graph\">{\"@context\":\"https:\/\/schema.org\",\"@graph\":[{\"@type\":\"WebPage\",\"@id\":\"https:\/\/www.spcv.fr\/fr\/tetine-en-silicone\/\",\"url\":\"https:\/\/www.spcv.fr\/fr\/tetine-en-silicone\/\",\"name\":\"T\u00e9tines en silicone | SPCV\",\"isPartOf\":{\"@id\":\"https:\/\/www.spcv.fr\/fr\/#website\"},\"primaryImageOfPage\":{\"@id\":\"https:\/\/www.spcv.fr\/fr\/tetine-en-silicone\/#primaryimage\"},\"image\":{\"@id\":\"https:\/\/www.spcv.fr\/fr\/tetine-en-silicone\/#primaryimage\"},\"thumbnailUrl\":\"https:\/\/www.spcv.fr\/wp-content\/uploads\/2018\/10\/IMGP0917-e1640074500357-1024x617.jpg\",\"datePublished\":\"2018-11-14T08:09:37+00:00\",\"dateModified\":\"2022-01-05T08:52:07+00:00\",\"breadcrumb\":{\"@id\":\"https:\/\/www.spcv.fr\/fr\/tetine-en-silicone\/#breadcrumb\"},\"inLanguage\":\"fr-FR\",\"potentialAction\":[{\"@type\":\"ReadAction\",\"target\":[\"https:\/\/www.spcv.fr\/fr\/tetine-en-silicone\/\"]}]},{\"@type\":\"ImageObject\",\"inLanguage\":\"fr-FR\",\"@id\":\"https:\/\/www.spcv.fr\/fr\/tetine-en-silicone\/#primaryimage\",\"url\":\"https:\/\/www.spcv.fr\/wp-content\/uploads\/2018\/10\/IMGP0917-e1640074500357-1024x617.jpg\",\"contentUrl\":\"https:\/\/www.spcv.fr\/wp-content\/uploads\/2018\/10\/IMGP0917-e1640074500357-1024x617.jpg\"},{\"@type\":\"BreadcrumbList\",\"@id\":\"https:\/\/www.spcv.fr\/fr\/tetine-en-silicone\/#breadcrumb\",\"itemListElement\":[{\"@type\":\"ListItem\",\"position\":1,\"name\":\"Accueil\",\"item\":\"https:\/\/www.spcv.fr\/\"},{\"@type\":\"ListItem\",\"position\":2,\"name\":\"T\u00e9tines en silicone\"}]},{\"@type\":\"WebSite\",\"@id\":\"https:\/\/www.spcv.fr\/fr\/#website\",\"url\":\"https:\/\/www.spcv.fr\/fr\/\",\"name\":\"SPCV\",\"description\":\"La grande souplesse d&#039;adaptation\",\"publisher\":{\"@id\":\"https:\/\/www.spcv.fr\/fr\/#organization\"},\"potentialAction\":[{\"@type\":\"SearchAction\",\"target\":{\"@type\":\"EntryPoint\",\"urlTemplate\":\"https:\/\/www.spcv.fr\/fr\/?s={search_term_string}\"},\"query-input\":{\"@type\":\"PropertyValueSpecification\",\"valueRequired\":true,\"valueName\":\"search_term_string\"}}],\"inLanguage\":\"fr-FR\"},{\"@type\":\"Organization\",\"@id\":\"https:\/\/www.spcv.fr\/fr\/#organization\",\"name\":\"SPCV\",\"url\":\"https:\/\/www.spcv.fr\/fr\/\",\"logo\":{\"@type\":\"ImageObject\",\"inLanguage\":\"fr-FR\",\"@id\":\"https:\/\/www.spcv.fr\/fr\/#\/schema\/logo\/image\/\",\"url\":\"https:\/\/www.spcv.fr\/wp-content\/uploads\/2021\/10\/Logo-BORFLEX-SPCV-quadri-scaled.jpg\",\"contentUrl\":\"https:\/\/www.spcv.fr\/wp-content\/uploads\/2021\/10\/Logo-BORFLEX-SPCV-quadri-scaled.jpg\",\"width\":2560,\"height\":1440,\"caption\":\"SPCV\"},\"image\":{\"@id\":\"https:\/\/www.spcv.fr\/fr\/#\/schema\/logo\/image\/\"}}]}<\/script>\n<!-- \/ Yoast SEO plugin. -->","yoast_head_json":{"title":"T\u00e9tines en silicone | SPCV","robots":{"index":"index","follow":"follow","max-snippet":"max-snippet:-1","max-image-preview":"max-image-preview:large","max-video-preview":"max-video-preview:-1"},"canonical":"https:\/\/www.spcv.fr\/fr\/tetine-en-silicone\/","og_locale":"fr_FR","og_type":"article","og_title":"T\u00e9tines en silicone | SPCV","og_description":"nos t\u00e9tines silicone Nous fabriquons et proposons \u00e9galement diff\u00e9rents mod\u00e8les de t\u00e9tines en silicone de haute qualit\u00e9, bout rond, d\u00e9bits et per\u00e7ages diff\u00e9rents. Fabriqu\u00e9es avec moulage par injection Toutes nos t\u00e9tines silicone respectent la norme europ\u00e9enne EN 14350 et r\u00e9pondent enti\u00e8rement aux exigences, sur la qualit\u00e9, la durabilit\u00e9 et la solidit\u00e9 du produit. Sans BPA [&hellip;]","og_url":"https:\/\/www.spcv.fr\/fr\/tetine-en-silicone\/","og_site_name":"SPCV","article_modified_time":"2022-01-05T08:52:07+00:00","og_image":[{"url":"https:\/\/www.spcv.fr\/wp-content\/uploads\/2018\/10\/IMGP0917-e1640074500357-1024x617.jpg","type":"","width":"","height":""}],"twitter_card":"summary_large_image","schema":{"@context":"https:\/\/schema.org","@graph":[{"@type":"WebPage","@id":"https:\/\/www.spcv.fr\/fr\/tetine-en-silicone\/","url":"https:\/\/www.spcv.fr\/fr\/tetine-en-silicone\/","name":"T\u00e9tines en silicone | SPCV","isPartOf":{"@id":"https:\/\/www.spcv.fr\/fr\/#website"},"primaryImageOfPage":{"@id":"https:\/\/www.spcv.fr\/fr\/tetine-en-silicone\/#primaryimage"},"image":{"@id":"https:\/\/www.spcv.fr\/fr\/tetine-en-silicone\/#primaryimage"},"thumbnailUrl":"https:\/\/www.spcv.fr\/wp-content\/uploads\/2018\/10\/IMGP0917-e1640074500357-1024x617.jpg","datePublished":"2018-11-14T08:09:37+00:00","dateModified":"2022-01-05T08:52:07+00:00","breadcrumb":{"@id":"https:\/\/www.spcv.fr\/fr\/tetine-en-silicone\/#breadcrumb"},"inLanguage":"fr-FR","potentialAction":[{"@type":"ReadAction","target":["https:\/\/www.spcv.fr\/fr\/tetine-en-silicone\/"]}]},{"@type":"ImageObject","inLanguage":"fr-FR","@id":"https:\/\/www.spcv.fr\/fr\/tetine-en-silicone\/#primaryimage","url":"https:\/\/www.spcv.fr\/wp-content\/uploads\/2018\/10\/IMGP0917-e1640074500357-1024x617.jpg","contentUrl":"https:\/\/www.spcv.fr\/wp-content\/uploads\/2018\/10\/IMGP0917-e1640074500357-1024x617.jpg"},{"@type":"BreadcrumbList","@id":"https:\/\/www.spcv.fr\/fr\/tetine-en-silicone\/#breadcrumb","itemListElement":[{"@type":"ListItem","position":1,"name":"Accueil","item":"https:\/\/www.spcv.fr\/"},{"@type":"ListItem","position":2,"name":"T\u00e9tines en silicone"}]},{"@type":"WebSite","@id":"https:\/\/www.spcv.fr\/fr\/#website","url":"https:\/\/www.spcv.fr\/fr\/","name":"SPCV","description":"La grande souplesse d&#039;adaptation","publisher":{"@id":"https:\/\/www.spcv.fr\/fr\/#organization"},"potentialAction":[{"@type":"SearchAction","target":{"@type":"EntryPoint","urlTemplate":"https:\/\/www.spcv.fr\/fr\/?s={search_term_string}"},"query-input":{"@type":"PropertyValueSpecification","valueRequired":true,"valueName":"search_term_string"}}],"inLanguage":"fr-FR"},{"@type":"Organization","@id":"https:\/\/www.spcv.fr\/fr\/#organization","name":"SPCV","url":"https:\/\/www.spcv.fr\/fr\/","logo":{"@type":"ImageObject","inLanguage":"fr-FR","@id":"https:\/\/www.spcv.fr\/fr\/#\/schema\/logo\/image\/","url":"https:\/\/www.spcv.fr\/wp-content\/uploads\/2021\/10\/Logo-BORFLEX-SPCV-quadri-scaled.jpg","contentUrl":"https:\/\/www.spcv.fr\/wp-content\/uploads\/2021\/10\/Logo-BORFLEX-SPCV-quadri-scaled.jpg","width":2560,"height":1440,"caption":"SPCV"},"image":{"@id":"https:\/\/www.spcv.fr\/fr\/#\/schema\/logo\/image\/"}}]}},"_links":{"self":[{"href":"https:\/\/www.spcv.fr\/fr\/wp-json\/wp\/v2\/pages\/207","targetHints":{"allow":["GET"]}}],"collection":[{"href":"https:\/\/www.spcv.fr\/fr\/wp-json\/wp\/v2\/pages"}],"about":[{"href":"https:\/\/www.spcv.fr\/fr\/wp-json\/wp\/v2\/types\/page"}],"author":[{"embeddable":true,"href":"https:\/\/www.spcv.fr\/fr\/wp-json\/wp\/v2\/users\/4"}],"replies":[{"embeddable":true,"href":"https:\/\/www.spcv.fr\/fr\/wp-json\/wp\/v2\/comments?post=207"}],"version-history":[{"count":15,"href":"https:\/\/www.spcv.fr\/fr\/wp-json\/wp\/v2\/pages\/207\/revisions"}],"predecessor-version":[{"id":2810,"href":"https:\/\/www.spcv.fr\/fr\/wp-json\/wp\/v2\/pages\/207\/revisions\/2810"}],"wp:attachment":[{"href":"https:\/\/www.spcv.fr\/fr\/wp-json\/wp\/v2\/media?parent=207"}],"curies":[{"name":"wp","href":"https:\/\/api.w.org\/{rel}","templated":true}]}}